{"id":2,"date":"2018-03-09T14:58:01","date_gmt":"2018-03-09T13:58:01","guid":{"rendered":"http:\/\/www.monigraf.it\/?page_id=2"},"modified":"2018-03-09T14:58:01","modified_gmt":"2018-03-09T13:58:01","slug":"pagina-di-esempio","status":"publish","type":"page","link":"http:\/\/www.monigraf.it\/en\/pagina-di-esempio\/","title":{"rendered":"Pagina di esempio."},"content":{"rendered":"<p>Questa \u00e8 una pagina di esempio. Differisce da un articolo del blog perch\u00e9 rimane in posizione fissa e appare nella navigazione del sito (nella maggior parte dei temi). Molte persone iniziano con una pagina informativa che li introduce ai potenziali visitatori. Che potrebbe dire un cosa del genere:<\/p>\n<blockquote><p>Salve! Sono un pony express di giorno, un aspirante attore di notte e questo \u00e8 il mio blog. Vivo a Los Angeles, ho un bellissimo cane di nome Jack e adoro la pi&#241;a colada. (E trovarmi sotto la pioggia.)<\/p><\/blockquote>\n<p>&#8230;oppure qualche cosa del genere:<\/p>\n<blockquote><p>La XYZ Doohickey Company \u00e8 stata fondata nel 1971 e da allora ha venduto cazzabubbole di qualit\u00e0 ai propri clienti. SI trova a Gotham City, XYZ impiega oltre 2.000 persone e produce le cose pi\u00f9 incredibili per la comunit\u00e0 di Gotham.<\/p><\/blockquote>\n<p>Come nuovo utente WordPress, \u00e8 possibile andare <a href=\"http:\/\/www.monigraf.it\/wp-admin\/\">sulla bacheca<\/a> per eliminare questa pagina e creare nuove pagine per i propri contenuti. Buon divertimento!<\/p>\n","protected":false},"excerpt":{"rendered":"<p>Questa \u00e8 una pagina di esempio. Differisce da un articolo del blog perch\u00e9 rimane in posizione fissa e appare nella navigazione del sito (nella maggior parte dei temi). Molte persone iniziano con una pagina informativa che li introduce ai potenziali visitatori. Che potrebbe dire un cosa del genere: Salve! Sono un pony express di giorno, [&hellip;]<\/p>\n","protected":false},"author":1,"featured_media":0,"parent":0,"menu_order":0,"comment_status":"closed","ping_status":"open","template":"","meta":{"footnotes":""},"class_list":["post-2","page","type-page","status-publish","hentry"],"aioseo_notices":[],"_links":{"self":[{"href":"http:\/\/www.monigraf.it\/en\/wp-json\/wp\/v2\/pages\/2","targetHints":{"allow":["GET"]}}],"collection":[{"href":"http:\/\/www.monigraf.it\/en\/wp-json\/wp\/v2\/pages"}],"about":[{"href":"http:\/\/www.monigraf.it\/en\/wp-json\/wp\/v2\/types\/page"}],"author":[{"embeddable":true,"href":"http:\/\/www.monigraf.it\/en\/wp-json\/wp\/v2\/users\/1"}],"replies":[{"embeddable":true,"href":"http:\/\/www.monigraf.it\/en\/wp-json\/wp\/v2\/comments?post=2"}],"version-history":[{"count":0,"href":"http:\/\/www.monigraf.it\/en\/wp-json\/wp\/v2\/pages\/2\/revisions"}],"wp:attachment":[{"href":"http:\/\/www.monigraf.it\/en\/wp-json\/wp\/v2\/media?parent=2"}],"curies":[{"name":"wp","href":"https:\/\/api.w.org\/{rel}","templated":true}]}}