{"id":53,"date":"2017-08-16T07:45:10","date_gmt":"2017-08-16T07:45:10","guid":{"rendered":"http:\/\/dev.joomexp.com\/wordpress\/mconstruction\/?page_id=53"},"modified":"2018-04-18T11:48:40","modified_gmt":"2018-04-18T09:48:40","slug":"about-us","status":"publish","type":"page","link":"http:\/\/www.monigraf.it\/en\/about-us\/","title":{"rendered":"Cosa facciamo"},"content":{"rendered":"<p>[vc_row][vc_column][cms_fancybox_single title_item=&#8221;MDS MONIGRAF DIGITAL SYSTEM &#8221; image=&#8221;2266&#8243; description_item=&#8221;Monigraf si occupa di automazione industriale nel settore grafico da anni.<\/p>\n<p>L&#8217;Europa \u00e8 la sua roccaforte, dove domina da anni, per poi espandersi in tutti gli altri continenti. Monigraf \u00e8 sinonimo di qualit\u00e0, performance e affidabilit\u00e0.<\/p>\n<p>E&#8217; per questo che OEM come Timsons, Rotatek, Muller Martini, Mailander ci hanno scelti. Per essere leader mondiali bisogna avere prodotti superbi.<\/p>\n<p>Ogni singolo particolare \u00e8 stato fatto con il materiale migliore: i nostri calamai hanno una precisione infinitesimale grazie ad un progetto accurato.<\/p>\n<p>Utilizziamo PC Dell, ognuno attrezzato di doppio hard disk di back up, nel caso in cui qualcosa vada storto. Questo consente si ripartire in pochi secondi senza avere fermi macchina.<\/p>\n<p>Perch\u00e8 siamo meglio dei nostri concorrenti? Semplice: abbiamo disegnato ed ingegnerizzato un sistema accurato e affidabile nel tempo, utilizzando i migliori prodotti sul mercato&#8221; cms_template=&#8221;cms_fancybox_single&#8211;layout4.php&#8221;][vc_empty_space height=&#8221;80px&#8221;][\/vc_column][\/vc_row]<\/p>","protected":false},"excerpt":{"rendered":"<p>[vc_row][vc_column][cms_fancybox_single title_item=&#8221;MDS MONIGRAF DIGITAL SYSTEM &#8221; image=&#8221;2266&#8243; description_item=&#8221;Monigraf si occupa di automazione industriale nel settore grafico da anni. L&#8217;Europa \u00e8 la sua roccaforte, dove domina da anni, per poi espandersi in tutti gli altri continenti. Monigraf \u00e8 sinonimo di qualit\u00e0, performance e affidabilit\u00e0. E&#8217; per questo che OEM come Timsons, Rotatek, Muller Martini, Mailander ci [&hellip;]<\/p>\n","protected":false},"author":1,"featured_media":0,"parent":0,"menu_order":0,"comment_status":"closed","ping_status":"closed","template":"","meta":{"footnotes":""},"class_list":["post-53","page","type-page","status-publish","hentry"],"aioseo_notices":[],"_links":{"self":[{"href":"http:\/\/www.monigraf.it\/en\/wp-json\/wp\/v2\/pages\/53","targetHints":{"allow":["GET"]}}],"collection":[{"href":"http:\/\/www.monigraf.it\/en\/wp-json\/wp\/v2\/pages"}],"about":[{"href":"http:\/\/www.monigraf.it\/en\/wp-json\/wp\/v2\/types\/page"}],"author":[{"embeddable":true,"href":"http:\/\/www.monigraf.it\/en\/wp-json\/wp\/v2\/users\/1"}],"replies":[{"embeddable":true,"href":"http:\/\/www.monigraf.it\/en\/wp-json\/wp\/v2\/comments?post=53"}],"version-history":[{"count":22,"href":"http:\/\/www.monigraf.it\/en\/wp-json\/wp\/v2\/pages\/53\/revisions"}],"predecessor-version":[{"id":2493,"href":"http:\/\/www.monigraf.it\/en\/wp-json\/wp\/v2\/pages\/53\/revisions\/2493"}],"wp:attachment":[{"href":"http:\/\/www.monigraf.it\/en\/wp-json\/wp\/v2\/media?parent=53"}],"curies":[{"name":"wp","href":"https:\/\/api.w.org\/{rel}","templated":true}]}}